{"id":429,"date":"2022-05-23T13:53:43","date_gmt":"2022-05-23T11:53:43","guid":{"rendered":"https:\/\/wp.gnadenhof-lossa.de\/?page_id=429"},"modified":"2024-08-30T14:34:28","modified_gmt":"2024-08-30T12:34:28","slug":"archiv","status":"publish","type":"page","link":"https:\/\/gnadenhof-lossa.de\/?page_id=429","title":{"rendered":"Archiv"},"content":{"rendered":"\t\t<div data-elementor-type=\"wp-page\" data-elementor-id=\"429\" class=\"elementor elementor-429\" data-elementor-post-type=\"page\">\n\t\t\t\t\t\t<section class=\"elementor-section elementor-top-section elementor-element elementor-element-64ad3af9 elementor-section-height-min-height elementor-section-boxed elementor-section-height-default elementor-section-items-middle\" data-id=\"64ad3af9\" data-element_type=\"section\" data-e-type=\"section\" data-settings=\"{&quot;background_background&quot;:&quot;classic&quot;,&quot;shape_divider_bottom&quot;:&quot;arrow&quot;}\">\n\t\t\t\t\t\t\t<div class=\"elementor-background-overlay\"><\/div>\n\t\t\t\t\t\t<div class=\"elementor-shape elementor-shape-bottom\" aria-hidden=\"true\" data-negative=\"false\">\n\t\t\t<svg xmlns=\"http:\/\/www.w3.org\/2000\/svg\" viewBox=\"0 0 700 10\" preserveAspectRatio=\"none\">\n\t<path class=\"elementor-shape-fill\" d=\"M350,10L340,0h20L350,10z\"\/>\n<\/svg>\t\t<\/div>\n\t\t\t\t\t<div class=\"elementor-container elementor-column-gap-default\">\n\t\t\t\t\t<div class=\"elementor-column elementor-col-100 elementor-top-column elementor-element elementor-element-4ec4a74b\" data-id=\"4ec4a74b\" data-element_type=\"column\" data-e-type=\"column\">\n\t\t\t<div class=\"elementor-widget-wrap elementor-element-populated\">\n\t\t\t\t\t\t<div class=\"elementor-element elementor-element-38c6d26b elementor-invisible elementor-widget elementor-widget-heading\" data-id=\"38c6d26b\" data-element_type=\"widget\" data-e-type=\"widget\" data-settings=\"{&quot;_animation&quot;:&quot;fadeInUp&quot;}\" data-widget_type=\"heading.default\">\n\t\t\t\t<div class=\"elementor-widget-container\">\n\t\t\t\t\t<h1 class=\"elementor-heading-title elementor-size-default\">Archiv<\/h1>\t\t\t\t<\/div>\n\t\t\t\t<\/div>\n\t\t\t\t\t<\/div>\n\t\t<\/div>\n\t\t\t\t\t<\/div>\n\t\t<\/section>\n\t\t\t\t<section class=\"elementor-section elementor-top-section elementor-element elementor-element-2e86320e elementor-section-boxed elementor-section-height-default elementor-section-height-default\" data-id=\"2e86320e\" data-element_type=\"section\" data-e-type=\"section\">\n\t\t\t\t\t\t<div class=\"elementor-container elementor-column-gap-default\">\n\t\t\t\t\t<div class=\"elementor-column elementor-col-100 elementor-top-column elementor-element elementor-element-36580df5\" data-id=\"36580df5\" data-element_type=\"column\" data-e-type=\"column\">\n\t\t\t<div class=\"elementor-widget-wrap elementor-element-populated\">\n\t\t\t\t\t\t<div class=\"elementor-element elementor-element-c9665a2 elementor-widget elementor-widget-mgposts_list_pro\" data-id=\"c9665a2\" data-element_type=\"widget\" data-e-type=\"widget\" data-widget_type=\"mgposts_list_pro.default\">\n\t\t\t\t<div class=\"elementor-widget-container\">\n\t\t\t\t\t            <div id=\"mglp-items\" class=\"mgpd mp-display-list mgpdl style1\">\r\n                <div class=\"mgpdl-items\">\r\n                                            <div class=\"mgpdl-item mgpd-list mb-4 \">\r\n                            <div class=\"card mgpdl-card \">\r\n                                <div class=\"row align-items-center left\">\r\n                                    \r\n\r\n                                    <div class=\"col-lg-12\">\r\n                                        <div class=\"card-body mgpdl-text\">\r\n                                                                                                    <a class=\"mpp-title-link mp-post-title\" href=\"https:\/\/gnadenhof-lossa.de\/?p=7391\">\r\n                <h4 class=\"mgp-ptitle\">Fressnapf Leipzig-Sch\u00f6nefeld<\/h4>            <\/a>\r\n                <div class=\"mp-meta bottom-meta mgp-mb-2\">\r\n            <span class=\"mp-posts-date\"><i class=\"icon-mp-clock\"><\/i> 12. April 2026<\/span>        <\/div>\r\n    \r\n                                                                                            <p class=\"mpdp-list-pro-des\">Wir haben tolle \"Ostereier\" erhalten! Seht selbst! Schwer beeindruckt haben uns auch die selbst gebastelten Wunschzettel in Ostereierform-Wahnsinn!Ein herzliches Dankesch\u00f6n...<\/p>\r\n                                                                                        \r\n                    <a href=\"https:\/\/gnadenhof-lossa.de\/?p=7391\" target=&quot;_self&quot; class=\"mp-post-btn btn btn-info\">Weiterlesen<\/a>\r\n        \r\n\r\n                                                                                                <div class=\"mgp-adicons-bottom\">\r\n                                                            <ul class=\"mpd-adicons mpd-advacene-icons\">\r\n                                                                    <\/ul>\r\n\r\n\r\n                                                <\/div>\r\n                                            \r\n                                        <\/div>\r\n                                    <\/div>\r\n                                <\/div>\r\n                            <\/div>\r\n\r\n                        <\/div>\r\n                                            <div class=\"mgpdl-item mgpd-list mb-4 mgpdl-hasimg\">\r\n                            <div class=\"card mgpdl-card \">\r\n                                <div class=\"row align-items-center left\">\r\n                                                                            <div class=\"col-lg-6 mgpr-hvr-shine\">\r\n                                                        <div class=\"mgpm-img\">\r\n                <figure><a class=\"mgpm-imglink\" href=\"https:\/\/gnadenhof-lossa.de\/?p=7388\"><img fetchpriority=\"high\" decoding=\"async\" width=\"600\" height=\"800\" src=\"https:\/\/gnadenhof-lossa.de\/wp-content\/uploads\/2026\/04\/45bad0e9-cecd-47b6-94e2-6b542866dcf2-002.webp\" class=\"mgpd-pimg wp-post-image\" alt=\"\" srcset=\"https:\/\/gnadenhof-lossa.de\/wp-content\/uploads\/2026\/04\/45bad0e9-cecd-47b6-94e2-6b542866dcf2-002.webp 600w, https:\/\/gnadenhof-lossa.de\/wp-content\/uploads\/2026\/04\/45bad0e9-cecd-47b6-94e2-6b542866dcf2-002-225x300.webp 225w\" sizes=\"(max-width: 600px) 100vw, 600px\" \/><\/a><\/figure>            <\/div>\r\n                                                <\/div>\r\n                                    \r\n\r\n                                    <div class=\"col-lg-6\">\r\n                                        <div class=\"card-body mgpdl-text\">\r\n                                                                                                    <a class=\"mpp-title-link mp-post-title\" href=\"https:\/\/gnadenhof-lossa.de\/?p=7388\">\r\n                <h4 class=\"mgp-ptitle\">Zwergkaninchen Melly, Neuzugang<\/h4>            <\/a>\r\n                <div class=\"mp-meta bottom-meta mgp-mb-2\">\r\n            <span class=\"mp-posts-date\"><i class=\"icon-mp-clock\"><\/i> 12. April 2026<\/span>        <\/div>\r\n    \r\n                                                                                            <p class=\"mpdp-list-pro-des\">Melly ist ca. 2 Jahre jung und als \u00dcbrigbleiberin bei uns eingezogen. Sie wird zeitnah dem Tierarzt vorgestellt, denn u.a....<\/p>\r\n                                                                                        \r\n                    <a href=\"https:\/\/gnadenhof-lossa.de\/?p=7388\" target=&quot;_self&quot; class=\"mp-post-btn btn btn-info\">Weiterlesen<\/a>\r\n        \r\n\r\n                                                                                                <div class=\"mgp-adicons-bottom\">\r\n                                                            <ul class=\"mpd-adicons mpd-advacene-icons\">\r\n                                                                    <\/ul>\r\n\r\n\r\n                                                <\/div>\r\n                                            \r\n                                        <\/div>\r\n                                    <\/div>\r\n                                <\/div>\r\n                            <\/div>\r\n\r\n                        <\/div>\r\n                                            <div class=\"mgpdl-item mgpd-list mb-4 mgpdl-hasimg\">\r\n                            <div class=\"card mgpdl-card \">\r\n                                <div class=\"row align-items-center left\">\r\n                                                                            <div class=\"col-lg-6 mgpr-hvr-shine\">\r\n                                                        <div class=\"mgpm-img\">\r\n                <figure><a class=\"mgpm-imglink\" href=\"https:\/\/gnadenhof-lossa.de\/?p=7385\"><img decoding=\"async\" width=\"600\" height=\"769\" src=\"https:\/\/gnadenhof-lossa.de\/wp-content\/uploads\/2026\/04\/IMG_7311-002.webp\" class=\"mgpd-pimg wp-post-image\" alt=\"\" srcset=\"https:\/\/gnadenhof-lossa.de\/wp-content\/uploads\/2026\/04\/IMG_7311-002.webp 600w, https:\/\/gnadenhof-lossa.de\/wp-content\/uploads\/2026\/04\/IMG_7311-002-234x300.webp 234w\" sizes=\"(max-width: 600px) 100vw, 600px\" \/><\/a><\/figure>            <\/div>\r\n                                                <\/div>\r\n                                    \r\n\r\n                                    <div class=\"col-lg-6\">\r\n                                        <div class=\"card-body mgpdl-text\">\r\n                                                                                                    <a class=\"mpp-title-link mp-post-title\" href=\"https:\/\/gnadenhof-lossa.de\/?p=7385\">\r\n                <h4 class=\"mgp-ptitle\">Ronny<\/h4>            <\/a>\r\n                <div class=\"mp-meta bottom-meta mgp-mb-2\">\r\n            <span class=\"mp-posts-date\"><i class=\"icon-mp-clock\"><\/i> 10. April 2026<\/span>        <\/div>\r\n    \r\n                                                                                            <p class=\"mpdp-list-pro-des\">Vor einigen Jahren retteten wir den liebenswerten Hund Ronny. Er fand schnell bei Tierfreunden ein wirklich tolles zu Hause und...<\/p>\r\n                                                                                        \r\n                    <a href=\"https:\/\/gnadenhof-lossa.de\/?p=7385\" target=&quot;_self&quot; class=\"mp-post-btn btn btn-info\">Weiterlesen<\/a>\r\n        \r\n\r\n                                                                                                <div class=\"mgp-adicons-bottom\">\r\n                                                            <ul class=\"mpd-adicons mpd-advacene-icons\">\r\n                                                                    <\/ul>\r\n\r\n\r\n                                                <\/div>\r\n                                            \r\n                                        <\/div>\r\n                                    <\/div>\r\n                                <\/div>\r\n                            <\/div>\r\n\r\n                        <\/div>\r\n                                            <div class=\"mgpdl-item mgpd-list mb-4 mgpdl-hasimg\">\r\n                            <div class=\"card mgpdl-card \">\r\n                                <div class=\"row align-items-center left\">\r\n                                                                            <div class=\"col-lg-6 mgpr-hvr-shine\">\r\n                                                        <div class=\"mgpm-img\">\r\n                <figure><a class=\"mgpm-imglink\" href=\"https:\/\/gnadenhof-lossa.de\/?p=7381\"><img decoding=\"async\" width=\"600\" height=\"793\" src=\"https:\/\/gnadenhof-lossa.de\/wp-content\/uploads\/2026\/04\/IMG_7254-002.webp\" class=\"mgpd-pimg wp-post-image\" alt=\"\" srcset=\"https:\/\/gnadenhof-lossa.de\/wp-content\/uploads\/2026\/04\/IMG_7254-002.webp 600w, https:\/\/gnadenhof-lossa.de\/wp-content\/uploads\/2026\/04\/IMG_7254-002-227x300.webp 227w\" sizes=\"(max-width: 600px) 100vw, 600px\" \/><\/a><\/figure>            <\/div>\r\n                                                <\/div>\r\n                                    \r\n\r\n                                    <div class=\"col-lg-6\">\r\n                                        <div class=\"card-body mgpdl-text\">\r\n                                                                                                    <a class=\"mpp-title-link mp-post-title\" href=\"https:\/\/gnadenhof-lossa.de\/?p=7381\">\r\n                <h4 class=\"mgp-ptitle\">Hund Djego-Privatvermittlung<\/h4>            <\/a>\r\n                <div class=\"mp-meta bottom-meta mgp-mb-2\">\r\n            <span class=\"mp-posts-date\"><i class=\"icon-mp-clock\"><\/i> 8. April 2026<\/span>        <\/div>\r\n    \r\n                                                                                            <p class=\"mpdp-list-pro-des\">Diegos Familie sucht f\u00fcr ihren Liebling aus verscheidenen Gr\u00fcnden ein neues zu Hause. Djego ist 10 Jahre jung und lebt...<\/p>\r\n                                                                                        \r\n                    <a href=\"https:\/\/gnadenhof-lossa.de\/?p=7381\" target=&quot;_self&quot; class=\"mp-post-btn btn btn-info\">Weiterlesen<\/a>\r\n        \r\n\r\n                                                                                                <div class=\"mgp-adicons-bottom\">\r\n                                                            <ul class=\"mpd-adicons mpd-advacene-icons\">\r\n                                                                    <\/ul>\r\n\r\n\r\n                                                <\/div>\r\n                                            \r\n                                        <\/div>\r\n                                    <\/div>\r\n                                <\/div>\r\n                            <\/div>\r\n\r\n                        <\/div>\r\n                                            <div class=\"mgpdl-item mgpd-list mb-4 mgpdl-hasimg\">\r\n                            <div class=\"card mgpdl-card \">\r\n                                <div class=\"row align-items-center left\">\r\n                                                                            <div class=\"col-lg-6 mgpr-hvr-shine\">\r\n                                                        <div class=\"mgpm-img\">\r\n                <figure><a class=\"mgpm-imglink\" href=\"https:\/\/gnadenhof-lossa.de\/?p=7377\"><img loading=\"lazy\" decoding=\"async\" width=\"600\" height=\"787\" src=\"https:\/\/gnadenhof-lossa.de\/wp-content\/uploads\/2026\/04\/1da58212-d293-4823-a505-95d759df507c-002.webp\" class=\"mgpd-pimg wp-post-image\" alt=\"\" srcset=\"https:\/\/gnadenhof-lossa.de\/wp-content\/uploads\/2026\/04\/1da58212-d293-4823-a505-95d759df507c-002.webp 600w, https:\/\/gnadenhof-lossa.de\/wp-content\/uploads\/2026\/04\/1da58212-d293-4823-a505-95d759df507c-002-229x300.webp 229w\" sizes=\"(max-width: 600px) 100vw, 600px\" \/><\/a><\/figure>            <\/div>\r\n                                                <\/div>\r\n                                    \r\n\r\n                                    <div class=\"col-lg-6\">\r\n                                        <div class=\"card-body mgpdl-text\">\r\n                                                                                                    <a class=\"mpp-title-link mp-post-title\" href=\"https:\/\/gnadenhof-lossa.de\/?p=7377\">\r\n                <h4 class=\"mgp-ptitle\">Bei uns war der Osterhase&hellip;<\/h4>            <\/a>\r\n                <div class=\"mp-meta bottom-meta mgp-mb-2\">\r\n            <span class=\"mp-posts-date\"><i class=\"icon-mp-clock\"><\/i> 8. April 2026<\/span>        <\/div>\r\n    \r\n                                                                                            <p class=\"mpdp-list-pro-des\">Unsere Katzenkinder wurden zu Ostern \u00fcberrascht :-). Und auch wir erfuhren eine tolle \u00dcberraschung, weil unsere (schwarze) Agathe zu einem...<\/p>\r\n                                                                                        \r\n                    <a href=\"https:\/\/gnadenhof-lossa.de\/?p=7377\" target=&quot;_self&quot; class=\"mp-post-btn btn btn-info\">Weiterlesen<\/a>\r\n        \r\n\r\n                                                                                                <div class=\"mgp-adicons-bottom\">\r\n                                                            <ul class=\"mpd-adicons mpd-advacene-icons\">\r\n                                                                    <\/ul>\r\n\r\n\r\n                                                <\/div>\r\n                                            \r\n                                        <\/div>\r\n                                    <\/div>\r\n                                <\/div>\r\n                            <\/div>\r\n\r\n                        <\/div>\r\n                                    <\/div>\r\n            <\/div>\r\n            \t\t<div class=\"mp-pagination mppag-style2\">\r\n\t\t\t<span aria-current=\"page\" class=\"page-numbers current\">1<\/span>\n<a class=\"page-numbers\" href=\"https:\/\/gnadenhof-lossa.de\/index.php\/?paged=2\">2<\/a>\n<a class=\"page-numbers\" href=\"https:\/\/gnadenhof-lossa.de\/index.php\/?paged=3\">3<\/a>\n<span class=\"page-numbers dots\">&hellip;<\/span>\n<a class=\"page-numbers\" href=\"https:\/\/gnadenhof-lossa.de\/index.php\/?paged=68\">68<\/a>\n<a class=\"next page-numbers\" href=\"https:\/\/gnadenhof-lossa.de\/index.php\/?paged=2\"><i class=\"icon-mp-aright\"><\/i><\/a>\t\t<\/div>\r\n\t\t\t\t<\/div>\n\t\t\t\t<\/div>\n\t\t\t\t\t<\/div>\n\t\t<\/div>\n\t\t\t\t\t<\/div>\n\t\t<\/section>\n\t\t\t\t<\/div>\n\t\t","protected":false},"excerpt":{"rendered":"<p>Archiv Unsere AMAZON-Wunschlisten \ud83d\ude42 29. August 2024 Spendenquittungen werden sehr gern erstellt, wenn Ihr Eure Rechnung(en) an uns per Email sendet: Kontakt Hier die Listen: \u00dcbersicht aller&#8230; Weiterlesen Kleines Katerchen 28. August 2024 Heute fr\u00fch fanden wir unweit unseres Gnadenhofes eine auf dem Fu\u00df-bzw. Radweg in eigenartiger Stellung sitzende Katze in Nischwitz. Wir&#8230; Weiterlesen Flohmarkt [&hellip;]<\/p>\n","protected":false},"author":1,"featured_media":0,"parent":0,"menu_order":41,"comment_status":"closed","ping_status":"closed","template":"","meta":{"footnotes":""},"class_list":["post-429","page","type-page","status-publish","hentry"],"_links":{"self":[{"href":"https:\/\/gnadenhof-lossa.de\/index.php?rest_route=\/wp\/v2\/pages\/429","targetHints":{"allow":["GET"]}}],"collection":[{"href":"https:\/\/gnadenhof-lossa.de\/index.php?rest_route=\/wp\/v2\/pages"}],"about":[{"href":"https:\/\/gnadenhof-lossa.de\/index.php?rest_route=\/wp\/v2\/types\/page"}],"author":[{"embeddable":true,"href":"https:\/\/gnadenhof-lossa.de\/index.php?rest_route=\/wp\/v2\/users\/1"}],"replies":[{"embeddable":true,"href":"https:\/\/gnadenhof-lossa.de\/index.php?rest_route=%2Fwp%2Fv2%2Fcomments&post=429"}],"version-history":[{"count":44,"href":"https:\/\/gnadenhof-lossa.de\/index.php?rest_route=\/wp\/v2\/pages\/429\/revisions"}],"predecessor-version":[{"id":5974,"href":"https:\/\/gnadenhof-lossa.de\/index.php?rest_route=\/wp\/v2\/pages\/429\/revisions\/5974"}],"wp:attachment":[{"href":"https:\/\/gnadenhof-lossa.de\/index.php?rest_route=%2Fwp%2Fv2%2Fmedia&parent=429"}],"curies":[{"name":"wp","href":"https:\/\/api.w.org\/{rel}","templated":true}]}}