{"id":3239,"date":"2022-07-27T12:40:04","date_gmt":"2022-07-27T10:40:04","guid":{"rendered":"https:\/\/wp.gnadenhof-lossa.de\/?page_id=3239"},"modified":"2024-06-11T11:23:36","modified_gmt":"2024-06-11T09:23:36","slug":"wissenswertes","status":"publish","type":"page","link":"https:\/\/gnadenhof-lossa.de\/?page_id=3239","title":{"rendered":"Wissenswertes"},"content":{"rendered":"\t\t<div data-elementor-type=\"wp-page\" data-elementor-id=\"3239\" class=\"elementor elementor-3239\" data-elementor-post-type=\"page\">\n\t\t\t\t\t\t<section class=\"elementor-section elementor-top-section elementor-element elementor-element-6354e9a elementor-section-height-min-height elementor-section-boxed elementor-section-height-default elementor-section-items-middle\" data-id=\"6354e9a\" data-element_type=\"section\" data-e-type=\"section\" data-settings=\"{&quot;background_background&quot;:&quot;classic&quot;,&quot;shape_divider_bottom&quot;:&quot;arrow&quot;}\">\n\t\t\t\t\t\t\t<div class=\"elementor-background-overlay\"><\/div>\n\t\t\t\t\t\t<div class=\"elementor-shape elementor-shape-bottom\" aria-hidden=\"true\" data-negative=\"false\">\n\t\t\t<svg xmlns=\"http:\/\/www.w3.org\/2000\/svg\" viewBox=\"0 0 700 10\" preserveAspectRatio=\"none\">\n\t<path class=\"elementor-shape-fill\" d=\"M350,10L340,0h20L350,10z\"\/>\n<\/svg>\t\t<\/div>\n\t\t\t\t\t<div class=\"elementor-container elementor-column-gap-default\">\n\t\t\t\t\t<div class=\"elementor-column elementor-col-100 elementor-top-column elementor-element elementor-element-4fedd426\" data-id=\"4fedd426\" data-element_type=\"column\" data-e-type=\"column\">\n\t\t\t<div class=\"elementor-widget-wrap elementor-element-populated\">\n\t\t\t\t\t\t<div class=\"elementor-element elementor-element-1cc9d3a5 elementor-invisible elementor-widget elementor-widget-heading\" data-id=\"1cc9d3a5\" data-element_type=\"widget\" data-e-type=\"widget\" data-settings=\"{&quot;_animation&quot;:&quot;fadeInUp&quot;}\" data-widget_type=\"heading.default\">\n\t\t\t\t<div class=\"elementor-widget-container\">\n\t\t\t\t\t<h1 class=\"elementor-heading-title elementor-size-default\">Wissenswertes<\/h1>\t\t\t\t<\/div>\n\t\t\t\t<\/div>\n\t\t\t\t\t<\/div>\n\t\t<\/div>\n\t\t\t\t\t<\/div>\n\t\t<\/section>\n\t\t\t\t<section class=\"elementor-section elementor-top-section elementor-element elementor-element-3b50500 elementor-reverse-mobile elementor-section-boxed elementor-section-height-default elementor-section-height-default\" data-id=\"3b50500\" data-element_type=\"section\" data-e-type=\"section\">\n\t\t\t\t\t\t<div class=\"elementor-container elementor-column-gap-default\">\n\t\t\t\t\t<div class=\"elementor-column elementor-col-33 elementor-top-column elementor-element elementor-element-5cd96e2e\" data-id=\"5cd96e2e\" data-element_type=\"column\" data-e-type=\"column\">\n\t\t\t<div class=\"elementor-widget-wrap elementor-element-populated\">\n\t\t\t\t\t\t<div class=\"elementor-element elementor-element-7d49a3dc elementor-widget elementor-widget-image\" data-id=\"7d49a3dc\" data-element_type=\"widget\" data-e-type=\"widget\" data-widget_type=\"image.default\">\n\t\t\t\t<div class=\"elementor-widget-container\">\n\t\t\t\t\t\t\t\t\t\t\t\t\t\t\t<img fetchpriority=\"high\" decoding=\"async\" width=\"768\" height=\"608\" src=\"https:\/\/gnadenhof-lossa.de\/wp-content\/uploads\/2023\/11\/Depositphotos_10878467_DS_1200x950x72dpi-768x608.webp\" class=\"attachment-medium_large size-medium_large wp-image-4983\" alt=\"\" srcset=\"https:\/\/gnadenhof-lossa.de\/wp-content\/uploads\/2023\/11\/Depositphotos_10878467_DS_1200x950x72dpi-768x608.webp 768w, https:\/\/gnadenhof-lossa.de\/wp-content\/uploads\/2023\/11\/Depositphotos_10878467_DS_1200x950x72dpi-300x238.webp 300w, https:\/\/gnadenhof-lossa.de\/wp-content\/uploads\/2023\/11\/Depositphotos_10878467_DS_1200x950x72dpi-1024x811.webp 1024w, https:\/\/gnadenhof-lossa.de\/wp-content\/uploads\/2023\/11\/Depositphotos_10878467_DS_1200x950x72dpi.webp 1200w\" sizes=\"(max-width: 768px) 100vw, 768px\" \/>\t\t\t\t\t\t\t\t\t\t\t\t\t\t\t<\/div>\n\t\t\t\t<\/div>\n\t\t\t\t\t<\/div>\n\t\t<\/div>\n\t\t\t\t<div class=\"elementor-column elementor-col-33 elementor-top-column elementor-element elementor-element-217458d4\" data-id=\"217458d4\" data-element_type=\"column\" data-e-type=\"column\">\n\t\t\t<div class=\"elementor-widget-wrap\">\n\t\t\t\t\t\t\t<\/div>\n\t\t<\/div>\n\t\t\t\t<div class=\"elementor-column elementor-col-33 elementor-top-column elementor-element elementor-element-1ffd9413\" data-id=\"1ffd9413\" data-element_type=\"column\" data-e-type=\"column\">\n\t\t\t<div class=\"elementor-widget-wrap elementor-element-populated\">\n\t\t\t\t\t\t<div class=\"elementor-element elementor-element-221cd0e9 elementor-widget elementor-widget-heading\" data-id=\"221cd0e9\" data-element_type=\"widget\" data-e-type=\"widget\" data-widget_type=\"heading.default\">\n\t\t\t\t<div class=\"elementor-widget-container\">\n\t\t\t\t\t<h2 class=\"elementor-heading-title elementor-size-default\">Hilfreiche Tipps<\/h2>\t\t\t\t<\/div>\n\t\t\t\t<\/div>\n\t\t\t\t<div class=\"elementor-element elementor-element-312ccdbb elementor-widget elementor-widget-text-editor\" data-id=\"312ccdbb\" data-element_type=\"widget\" data-e-type=\"widget\" data-widget_type=\"text-editor.default\">\n\t\t\t\t<div class=\"elementor-widget-container\">\n\t\t\t\t\t\t\t\t\t<div>Auf dieser Seite m\u00f6chten wir Sie \u00fcber die unterschiedlichsten Themen rund um die Tiere und den Tierschutz informieren. Unser Ratgeber bietet viele hilfreiche Tipps und n\u00fctzliche Informationen f\u00fcr den Alltag mit einem Tier.<\/div><div>\u00a0<\/div><div>Wir m\u00f6chten Ihnen Wissen vermitteln, Hinweise geben und Ihnen helfen, Ihr(e) Haustier(e) liebevoll und artgerecht zu betreuen und zu versorgen. Hier erfahren Sie Wissenswertes \u00fcber Heimtiere, finden interessante Fakten \u00fcber Hunde, Katzen, Meerschweinchen und andere liebenswerte Tiere.<\/div>\t\t\t\t\t\t\t\t<\/div>\n\t\t\t\t<\/div>\n\t\t\t\t\t<\/div>\n\t\t<\/div>\n\t\t\t\t\t<\/div>\n\t\t<\/section>\n\t\t\t\t<section class=\"elementor-section elementor-top-section elementor-element elementor-element-00685ef elementor-section-boxed elementor-section-height-default elementor-section-height-default\" data-id=\"00685ef\" data-element_type=\"section\" data-e-type=\"section\">\n\t\t\t\t\t\t<div class=\"elementor-container elementor-column-gap-default\">\n\t\t\t\t\t<div class=\"elementor-column elementor-col-100 elementor-top-column elementor-element elementor-element-c098574\" data-id=\"c098574\" data-element_type=\"column\" data-e-type=\"column\">\n\t\t\t<div class=\"elementor-widget-wrap elementor-element-populated\">\n\t\t\t\t\t\t<div class=\"elementor-element elementor-element-140f069 elementor-widget elementor-widget-heading\" data-id=\"140f069\" data-element_type=\"widget\" data-e-type=\"widget\" data-widget_type=\"heading.default\">\n\t\t\t\t<div class=\"elementor-widget-container\">\n\t\t\t\t\t<h2 class=\"elementor-heading-title elementor-size-default\">Gut zu wissen ...<\/h2>\t\t\t\t<\/div>\n\t\t\t\t<\/div>\n\t\t\t\t<div class=\"elementor-element elementor-element-82c22d0 elementor-grid-3 elementor-grid-tablet-2 elementor-grid-mobile-1 elementor-posts--thumbnail-top elementor-widget elementor-widget-posts\" data-id=\"82c22d0\" data-element_type=\"widget\" data-e-type=\"widget\" data-settings=\"{&quot;classic_columns&quot;:&quot;3&quot;,&quot;classic_columns_tablet&quot;:&quot;2&quot;,&quot;classic_columns_mobile&quot;:&quot;1&quot;,&quot;classic_row_gap&quot;:{&quot;unit&quot;:&quot;px&quot;,&quot;size&quot;:35,&quot;sizes&quot;:[]},&quot;classic_row_gap_tablet&quot;:{&quot;unit&quot;:&quot;px&quot;,&quot;size&quot;:&quot;&quot;,&quot;sizes&quot;:[]},&quot;classic_row_gap_mobile&quot;:{&quot;unit&quot;:&quot;px&quot;,&quot;size&quot;:&quot;&quot;,&quot;sizes&quot;:[]}}\" data-widget_type=\"posts.classic\">\n\t\t\t\t<div class=\"elementor-widget-container\">\n\t\t\t\t\t\t\t<div class=\"elementor-posts-container elementor-posts elementor-posts--skin-classic elementor-grid\" role=\"list\">\n\t\t\t\t<article class=\"elementor-post elementor-grid-item post-7304 post type-post status-publish format-standard has-post-thumbnail hentry category-aktuelles category-kleintiere category-wissenswertes\" role=\"listitem\">\n\t\t\t\t<a class=\"elementor-post__thumbnail__link\" href=\"https:\/\/gnadenhof-lossa.de\/?p=7304\" tabindex=\"-1\" target=&quot;_blank&quot;>\n\t\t\t<div class=\"elementor-post__thumbnail\"><img decoding=\"async\" width=\"800\" height=\"600\" src=\"https:\/\/gnadenhof-lossa.de\/wp-content\/uploads\/2026\/02\/kanaus2.webp\" class=\"attachment-large size-large wp-image-7305\" alt=\"\" srcset=\"https:\/\/gnadenhof-lossa.de\/wp-content\/uploads\/2026\/02\/kanaus2.webp 800w, https:\/\/gnadenhof-lossa.de\/wp-content\/uploads\/2026\/02\/kanaus2-300x225.webp 300w, https:\/\/gnadenhof-lossa.de\/wp-content\/uploads\/2026\/02\/kanaus2-768x576.webp 768w\" sizes=\"(max-width: 800px) 100vw, 800px\" \/><\/div>\n\t\t<\/a>\n\t\t\t\t<div class=\"elementor-post__text\">\n\t\t\t\t<h3 class=\"elementor-post__title\">\n\t\t\t<a href=\"https:\/\/gnadenhof-lossa.de\/?p=7304\" target=&quot;_blank&quot;>\n\t\t\t\tKaninchenvermittlung\t\t\t<\/a>\n\t\t<\/h3>\n\t\t\t\t<div class=\"elementor-post__meta-data\">\n\t\t\t\t\t<span class=\"elementor-post-date\">\n\t\t\t27. Februar 2026\t\t<\/span>\n\t\t\t\t<\/div>\n\t\t\t\t<div class=\"elementor-post__excerpt\">\n\t\t\t<p>Sehr gern vermitteln wir unsere Lieblinge in artgerechte und sichere zu Hause. Daf\u00fcr w\u00fcnschen wir uns u.a. folgende Ausstattung f\u00fcr<\/p>\n\t\t<\/div>\n\t\t\n\t\t<a class=\"elementor-post__read-more\" href=\"https:\/\/gnadenhof-lossa.de\/?p=7304\" aria-label=\"Mehr \u00fcber Kaninchenvermittlung\" tabindex=\"-1\" target=\"_blank\">\n\t\t\tWeiterlesen \u00bb\t\t<\/a>\n\n\t\t\t\t<\/div>\n\t\t\t\t<\/article>\n\t\t\t\t<article class=\"elementor-post elementor-grid-item post-7221 post type-post status-publish format-standard has-post-thumbnail hentry category-katzen category-wissenswertes\" role=\"listitem\">\n\t\t\t\t<a class=\"elementor-post__thumbnail__link\" href=\"https:\/\/gnadenhof-lossa.de\/?p=7221\" tabindex=\"-1\" target=&quot;_blank&quot;>\n\t\t\t<div class=\"elementor-post__thumbnail\"><img decoding=\"async\" width=\"514\" height=\"800\" src=\"https:\/\/gnadenhof-lossa.de\/wp-content\/uploads\/2026\/01\/Maeuschen.webp\" class=\"attachment-large size-large wp-image-7222\" alt=\"\" srcset=\"https:\/\/gnadenhof-lossa.de\/wp-content\/uploads\/2026\/01\/Maeuschen.webp 514w, https:\/\/gnadenhof-lossa.de\/wp-content\/uploads\/2026\/01\/Maeuschen-193x300.webp 193w\" sizes=\"(max-width: 514px) 100vw, 514px\" \/><\/div>\n\t\t<\/a>\n\t\t\t\t<div class=\"elementor-post__text\">\n\t\t\t\t<h3 class=\"elementor-post__title\">\n\t\t\t<a href=\"https:\/\/gnadenhof-lossa.de\/?p=7221\" target=&quot;_blank&quot;>\n\t\t\t\tUnsere Tiere\t\t\t<\/a>\n\t\t<\/h3>\n\t\t\t\t<div class=\"elementor-post__meta-data\">\n\t\t\t\t\t<span class=\"elementor-post-date\">\n\t\t\t16. Januar 2026\t\t<\/span>\n\t\t\t\t<\/div>\n\t\t\t\t<div class=\"elementor-post__excerpt\">\n\t\t\t<p>2025 nahmen wir insgesamt 118 Tiere bei uns auf. Jedes einzelne Tier ben\u00f6tigt sehr viel F\u00fcrsorge, beginnend von der \u00dcbernahme<\/p>\n\t\t<\/div>\n\t\t\n\t\t<a class=\"elementor-post__read-more\" href=\"https:\/\/gnadenhof-lossa.de\/?p=7221\" aria-label=\"Mehr \u00fcber Unsere Tiere\" tabindex=\"-1\" target=\"_blank\">\n\t\t\tWeiterlesen \u00bb\t\t<\/a>\n\n\t\t\t\t<\/div>\n\t\t\t\t<\/article>\n\t\t\t\t<article class=\"elementor-post elementor-grid-item post-7141 post type-post status-publish format-standard has-post-thumbnail hentry category-aktuelles category-katzen category-wissenswertes\" role=\"listitem\">\n\t\t\t\t<a class=\"elementor-post__thumbnail__link\" href=\"https:\/\/gnadenhof-lossa.de\/?p=7141\" tabindex=\"-1\" target=&quot;_blank&quot;>\n\t\t\t<div class=\"elementor-post__thumbnail\"><img loading=\"lazy\" decoding=\"async\" width=\"800\" height=\"600\" src=\"https:\/\/gnadenhof-lossa.de\/wp-content\/uploads\/2025\/12\/zimmer_2.webp\" class=\"attachment-large size-large wp-image-7142\" alt=\"\" srcset=\"https:\/\/gnadenhof-lossa.de\/wp-content\/uploads\/2025\/12\/zimmer_2.webp 800w, https:\/\/gnadenhof-lossa.de\/wp-content\/uploads\/2025\/12\/zimmer_2-300x225.webp 300w, https:\/\/gnadenhof-lossa.de\/wp-content\/uploads\/2025\/12\/zimmer_2-768x576.webp 768w\" sizes=\"(max-width: 800px) 100vw, 800px\" \/><\/div>\n\t\t<\/a>\n\t\t\t\t<div class=\"elementor-post__text\">\n\t\t\t\t<h3 class=\"elementor-post__title\">\n\t\t\t<a href=\"https:\/\/gnadenhof-lossa.de\/?p=7141\" target=&quot;_blank&quot;>\n\t\t\t\tWas ist eine Schutzgeb\u00fchr?\t\t\t<\/a>\n\t\t<\/h3>\n\t\t\t\t<div class=\"elementor-post__meta-data\">\n\t\t\t\t\t<span class=\"elementor-post-date\">\n\t\t\t20. Dezember 2025\t\t<\/span>\n\t\t\t\t<\/div>\n\t\t\t\t<div class=\"elementor-post__excerpt\">\n\t\t\t<p>EIne Schutzgeb\u00fchr ist kein Kaufpreis. Sie dient u.a. dazu, dass Tiere nicht un\u00fcberlegt angeschafft werden. Sie zwingt Spontanentschlossene dazu, ihren<\/p>\n\t\t<\/div>\n\t\t\n\t\t<a class=\"elementor-post__read-more\" href=\"https:\/\/gnadenhof-lossa.de\/?p=7141\" aria-label=\"Mehr \u00fcber Was ist eine Schutzgeb\u00fchr?\" tabindex=\"-1\" target=\"_blank\">\n\t\t\tWeiterlesen \u00bb\t\t<\/a>\n\n\t\t\t\t<\/div>\n\t\t\t\t<\/article>\n\t\t\t\t<\/div>\n\t\t\n\t\t\t\t\t\t<\/div>\n\t\t\t\t<\/div>\n\t\t\t\t\t<\/div>\n\t\t<\/div>\n\t\t\t\t\t<\/div>\n\t\t<\/section>\n\t\t\t\t<section class=\"elementor-section elementor-top-section elementor-element elementor-element-42006676 elementor-section-boxed elementor-section-height-default elementor-section-height-default\" data-id=\"42006676\" data-element_type=\"section\" data-e-type=\"section\">\n\t\t\t\t\t\t<div class=\"elementor-container elementor-column-gap-default\">\n\t\t\t\t\t<div class=\"elementor-column elementor-col-33 elementor-top-column elementor-element elementor-element-753a6f1\" data-id=\"753a6f1\" data-element_type=\"column\" data-e-type=\"column\">\n\t\t\t<div class=\"elementor-widget-wrap elementor-element-populated\">\n\t\t\t\t\t\t<div class=\"elementor-element elementor-element-44f305c7 elementor-widget elementor-widget-heading\" data-id=\"44f305c7\" data-element_type=\"widget\" data-e-type=\"widget\" data-widget_type=\"heading.default\">\n\t\t\t\t<div class=\"elementor-widget-container\">\n\t\t\t\t\t<h2 class=\"elementor-heading-title elementor-size-default\">Futterspenden<\/h2>\t\t\t\t<\/div>\n\t\t\t\t<\/div>\n\t\t\t\t<div class=\"elementor-element elementor-element-66b5151a elementor-widget elementor-widget-text-editor\" data-id=\"66b5151a\" data-element_type=\"widget\" data-e-type=\"widget\" data-widget_type=\"text-editor.default\">\n\t\t\t\t<div class=\"elementor-widget-container\">\n\t\t\t\t\t\t\t\t\t<p>Wir haben \u00fcbrigens sehr viele gro\u00dfe Kaninchen, die sich immer \u00fcber M\u00f6hren, Kohlrabis, Heu, unbehandelte Hobel- und S\u00e4gesp\u00e4ne, Pellets, Strohstreu\u00a0und\u00a0Stroh freuen.<br \/>Achtung: wir rei\u00dfen keine P\u00e4rchen auseinander, wenn Sie ein einzelnes Tier suchen.<br \/><strong>Wir empfehlen, immer mindestens drei Kaninchen zu halten. <\/strong>Falls eines der Kaninchen stirbt, gibt es keinen \u00dcbrigbleiber.\u00a0<\/p><p>Wir haben viele tolle gro\u00dfe Kaninchen in der Vermittlung. Fragen Sie gern bei uns nach.<\/p>\t\t\t\t\t\t\t\t<\/div>\n\t\t\t\t<\/div>\n\t\t\t\t<div class=\"elementor-element elementor-element-85f2b52 elementor-widget elementor-widget-button\" data-id=\"85f2b52\" data-element_type=\"widget\" data-e-type=\"widget\" data-widget_type=\"button.default\">\n\t\t\t\t<div class=\"elementor-widget-container\">\n\t\t\t\t\t\t\t\t\t<div class=\"elementor-button-wrapper\">\n\t\t\t\t\t<a class=\"elementor-button elementor-button-link elementor-size-sm\" href=\"\/?page_id=114#kleintiere\">\n\t\t\t\t\t\t<span class=\"elementor-button-content-wrapper\">\n\t\t\t\t\t\t<span class=\"elementor-button-icon\">\n\t\t\t\t<i aria-hidden=\"true\" class=\"fas fa-angle-right\"><\/i>\t\t\t<\/span>\n\t\t\t\t\t\t\t\t\t<span class=\"elementor-button-text\">Vermittlung Kleintiere<\/span>\n\t\t\t\t\t<\/span>\n\t\t\t\t\t<\/a>\n\t\t\t\t<\/div>\n\t\t\t\t\t\t\t\t<\/div>\n\t\t\t\t<\/div>\n\t\t\t\t\t<\/div>\n\t\t<\/div>\n\t\t\t\t<div class=\"elementor-column elementor-col-33 elementor-top-column elementor-element elementor-element-171c88f\" data-id=\"171c88f\" data-element_type=\"column\" data-e-type=\"column\">\n\t\t\t<div class=\"elementor-widget-wrap\">\n\t\t\t\t\t\t\t<\/div>\n\t\t<\/div>\n\t\t\t\t<div class=\"elementor-column elementor-col-33 elementor-top-column elementor-element elementor-element-615fe1da\" data-id=\"615fe1da\" data-element_type=\"column\" data-e-type=\"column\">\n\t\t\t<div class=\"elementor-widget-wrap elementor-element-populated\">\n\t\t\t\t\t\t<div class=\"elementor-element elementor-element-6e881050 elementor-widget elementor-widget-image\" data-id=\"6e881050\" data-element_type=\"widget\" data-e-type=\"widget\" data-widget_type=\"image.default\">\n\t\t\t\t<div class=\"elementor-widget-container\">\n\t\t\t\t\t\t\t\t\t\t\t\t\t\t\t<img loading=\"lazy\" decoding=\"async\" width=\"768\" height=\"576\" src=\"https:\/\/gnadenhof-lossa.de\/wp-content\/uploads\/2022\/07\/Kaninchenfutter_800x600x72dpi-768x576.webp\" class=\"attachment-medium_large size-medium_large wp-image-3254\" alt=\"\u00a9 Verein zum Wohl der Tiere e. V. - Gnadenhof Lossa\" srcset=\"https:\/\/gnadenhof-lossa.de\/wp-content\/uploads\/2022\/07\/Kaninchenfutter_800x600x72dpi-768x576.webp 768w, https:\/\/gnadenhof-lossa.de\/wp-content\/uploads\/2022\/07\/Kaninchenfutter_800x600x72dpi-300x225.webp 300w, https:\/\/gnadenhof-lossa.de\/wp-content\/uploads\/2022\/07\/Kaninchenfutter_800x600x72dpi.webp 800w\" sizes=\"(max-width: 768px) 100vw, 768px\" \/>\t\t\t\t\t\t\t\t\t\t\t\t\t\t\t<\/div>\n\t\t\t\t<\/div>\n\t\t\t\t\t<\/div>\n\t\t<\/div>\n\t\t\t\t\t<\/div>\n\t\t<\/section>\n\t\t\t\t<\/div>\n\t\t","protected":false},"excerpt":{"rendered":"<p>Wissenswertes Hilfreiche Tipps Auf dieser Seite m\u00f6chten wir Sie \u00fcber die unterschiedlichsten Themen rund um die Tiere und den Tierschutz informieren. Unser Ratgeber bietet viele hilfreiche Tipps und n\u00fctzliche Informationen f\u00fcr den Alltag mit einem Tier.\u00a0Wir m\u00f6chten Ihnen Wissen vermitteln, Hinweise geben und Ihnen helfen, Ihr(e) Haustier(e) liebevoll und artgerecht zu betreuen und zu versorgen. [&hellip;]<\/p>\n","protected":false},"author":1,"featured_media":0,"parent":0,"menu_order":15,"comment_status":"closed","ping_status":"closed","template":"","meta":{"footnotes":""},"class_list":["post-3239","page","type-page","status-publish","hentry"],"_links":{"self":[{"href":"https:\/\/gnadenhof-lossa.de\/index.php?rest_route=\/wp\/v2\/pages\/3239","targetHints":{"allow":["GET"]}}],"collection":[{"href":"https:\/\/gnadenhof-lossa.de\/index.php?rest_route=\/wp\/v2\/pages"}],"about":[{"href":"https:\/\/gnadenhof-lossa.de\/index.php?rest_route=\/wp\/v2\/types\/page"}],"author":[{"embeddable":true,"href":"https:\/\/gnadenhof-lossa.de\/index.php?rest_route=\/wp\/v2\/users\/1"}],"replies":[{"embeddable":true,"href":"https:\/\/gnadenhof-lossa.de\/index.php?rest_route=%2Fwp%2Fv2%2Fcomments&post=3239"}],"version-history":[{"count":90,"href":"https:\/\/gnadenhof-lossa.de\/index.php?rest_route=\/wp\/v2\/pages\/3239\/revisions"}],"predecessor-version":[{"id":5550,"href":"https:\/\/gnadenhof-lossa.de\/index.php?rest_route=\/wp\/v2\/pages\/3239\/revisions\/5550"}],"wp:attachment":[{"href":"https:\/\/gnadenhof-lossa.de\/index.php?rest_route=%2Fwp%2Fv2%2Fmedia&parent=3239"}],"curies":[{"name":"wp","href":"https:\/\/api.w.org\/{rel}","templated":true}]}}